{"id":61,"date":"2026-01-15T08:33:04","date_gmt":"2026-01-15T08:33:04","guid":{"rendered":"https:\/\/wp.dudragon.store\/?post_type=product&#038;p=61"},"modified":"2026-01-15T09:21:36","modified_gmt":"2026-01-15T09:21:36","slug":"bia-ura","status":"publish","type":"product","link":"https:\/\/wp.dudragon.store\/?product=bia-ura","title":{"rendered":"Bia Ura"},"content":{"rendered":"<p>Ch\u1ee7ng lo\u1ea1i s\u1ea3n ph\u1ea9m:\u00a0Bia lon URA<\/p>\n<p>Th\u00e0nh ph\u1ea7n:\u00a0N\u01b0\u1edbc, malt \u0111\u1ea1i m\u1ea1ch, ng\u0169 c\u1ed1c,\u00a0hoa bia.<\/p>\n<p>Bao b\u00ec:<\/p>\n<ul>\n<li>\u0110\u00f3ng trong lon nh\u00f4m, 24 lon\/th\u00f9ng carton<\/li>\n<\/ul>\n<p>H\u01b0\u1edbng d\u1eabn s\u1eed d\u1ee5ng:\u00a0Ngon h\u01a1n khi u\u1ed1ng l\u1ea1nh, t\u1ed1t nh\u1ea5t \u1edf 10 \u2013 15 \u0111\u1ed9 C.<\/p>\n<p>H\u01b0\u1edbng d\u1eabn b\u1ea3o qu\u1ea3n:<\/p>\n<ul>\n<li>B\u1ea3o qu\u1ea3n n\u01a1i kh\u00f4 r\u00e1o v\u00e0 tho\u00e1ng m\u00e1t.<\/li>\n<li>Tr\u00e1nh ti\u1ebfp x\u00fac tr\u1ef1c ti\u1ebfp v\u1edbi ngu\u1ed3n n\u00f3ng ho\u1eb7c \u00e1nh s\u00e1ng m\u1eb7t tr\u1eddi.<\/li>\n<\/ul>\n","protected":false},"excerpt":{"rendered":"<p>Ch\u1ee7ng lo\u1ea1i s\u1ea3n ph\u1ea9m:\u00a0Bia lon URA Th\u00e0nh ph\u1ea7n:\u00a0N\u01b0\u1edbc, malt \u0111\u1ea1i m\u1ea1ch, ng\u0169 c\u1ed1c,\u00a0hoa bia. Bao b\u00ec: \u0110\u00f3ng trong lon nh\u00f4m, 24 lon\/th\u00f9ng carton H\u01b0\u1edbng d\u1eabn s\u1eed d\u1ee5ng:\u00a0Ngon h\u01a1n khi u\u1ed1ng l\u1ea1nh, t\u1ed1t nh\u1ea5t \u1edf 10 \u2013 15 \u0111\u1ed9 C. H\u01b0\u1edbng d\u1eabn b\u1ea3o qu\u1ea3n: B\u1ea3o qu\u1ea3n n\u01a1i kh\u00f4 r\u00e1o v\u00e0 tho\u00e1ng m\u00e1t. Tr\u00e1nh ti\u1ebfp x\u00fac tr\u1ef1c [&hellip;]<\/p>\n","protected":false},"featured_media":62,"comment_status":"open","ping_status":"closed","template":"","meta":[],"product_brand":[],"product_cat":[15,20],"product_tag":[],"class_list":{"0":"post-61","1":"product","2":"type-product","3":"status-publish","4":"has-post-thumbnail","6":"product_cat-bia","7":"product_cat-drink","9":"first","10":"instock","11":"sale","12":"shipping-taxable","13":"purchasable","14":"product-type-simple"},"yoast_head":"<!-- This site is optimized with the Yoast SEO plugin v26.9 - https:\/\/yoast.com\/product\/yoast-seo-wordpress\/ -->\n<title>Bia Ura - Du Dragon<\/title>\n<meta name=\"robots\" content=\"index, follow, max-snippet:-1, max-image-preview:large, max-video-preview:-1\" \/>\n<link rel=\"canonical\" href=\"https:\/\/wp.dudragon.store\/?product=bia-ura\" \/>\n<meta property=\"og:locale\" content=\"vi_VN\" \/>\n<meta property=\"og:type\" content=\"article\" \/>\n<meta property=\"og:title\" content=\"Bia Ura - Du Dragon\" \/>\n<meta property=\"og:description\" content=\"Ch\u1ee7ng lo\u1ea1i s\u1ea3n ph\u1ea9m:\u00a0Bia lon URA Th\u00e0nh ph\u1ea7n:\u00a0N\u01b0\u1edbc, malt \u0111\u1ea1i m\u1ea1ch, ng\u0169 c\u1ed1c,\u00a0hoa bia. Bao b\u00ec: \u0110\u00f3ng trong lon nh\u00f4m, 24 lon\/th\u00f9ng carton H\u01b0\u1edbng d\u1eabn s\u1eed d\u1ee5ng:\u00a0Ngon h\u01a1n khi u\u1ed1ng l\u1ea1nh, t\u1ed1t nh\u1ea5t \u1edf 10 \u2013 15 \u0111\u1ed9 C. H\u01b0\u1edbng d\u1eabn b\u1ea3o qu\u1ea3n: B\u1ea3o qu\u1ea3n n\u01a1i kh\u00f4 r\u00e1o v\u00e0 tho\u00e1ng m\u00e1t. Tr\u00e1nh ti\u1ebfp x\u00fac tr\u1ef1c [&hellip;]\" \/>\n<meta property=\"og:url\" content=\"https:\/\/wp.dudragon.store\/?product=bia-ura\" \/>\n<meta property=\"og:site_name\" content=\"Du Dragon\" \/>\n<meta property=\"article:modified_time\" content=\"2026-01-15T09:21:36+00:00\" \/>\n<meta property=\"og:image\" content=\"https:\/\/wp.dudragon.store\/wp-content\/uploads\/2026\/01\/470602231_122180544020136279_4473306082057070908_n.jpg\" \/>\n\t<meta property=\"og:image:width\" content=\"2048\" \/>\n\t<meta property=\"og:image:height\" content=\"2048\" \/>\n\t<meta property=\"og:image:type\" content=\"image\/jpeg\" \/>\n<meta name=\"twitter:card\" content=\"summary_large_image\" \/>\n<meta name=\"twitter:label1\" content=\"\u01af\u1edbc t\u00ednh th\u1eddi gian \u0111\u1ecdc\" \/>\n\t<meta name=\"twitter:data1\" content=\"1 ph\u00fat\" \/>\n<script type=\"application\/ld+json\" class=\"yoast-schema-graph\">{\"@context\":\"https:\/\/schema.org\",\"@graph\":[{\"@type\":\"WebPage\",\"@id\":\"https:\/\/wp.dudragon.store\/?product=bia-ura\",\"url\":\"https:\/\/wp.dudragon.store\/?product=bia-ura\",\"name\":\"Bia Ura - Du Dragon\",\"isPartOf\":{\"@id\":\"https:\/\/wp.dudragon.store\/#website\"},\"primaryImageOfPage\":{\"@id\":\"https:\/\/wp.dudragon.store\/?product=bia-ura#primaryimage\"},\"image\":{\"@id\":\"https:\/\/wp.dudragon.store\/?product=bia-ura#primaryimage\"},\"thumbnailUrl\":\"https:\/\/wp.dudragon.store\/wp-content\/uploads\/2026\/01\/470602231_122180544020136279_4473306082057070908_n.jpg\",\"datePublished\":\"2026-01-15T08:33:04+00:00\",\"dateModified\":\"2026-01-15T09:21:36+00:00\",\"breadcrumb\":{\"@id\":\"https:\/\/wp.dudragon.store\/?product=bia-ura#breadcrumb\"},\"inLanguage\":\"vi\",\"potentialAction\":[{\"@type\":\"ReadAction\",\"target\":[\"https:\/\/wp.dudragon.store\/?product=bia-ura\"]}]},{\"@type\":\"ImageObject\",\"inLanguage\":\"vi\",\"@id\":\"https:\/\/wp.dudragon.store\/?product=bia-ura#primaryimage\",\"url\":\"https:\/\/wp.dudragon.store\/wp-content\/uploads\/2026\/01\/470602231_122180544020136279_4473306082057070908_n.jpg\",\"contentUrl\":\"https:\/\/wp.dudragon.store\/wp-content\/uploads\/2026\/01\/470602231_122180544020136279_4473306082057070908_n.jpg\",\"width\":2048,\"height\":2048},{\"@type\":\"BreadcrumbList\",\"@id\":\"https:\/\/wp.dudragon.store\/?product=bia-ura#breadcrumb\",\"itemListElement\":[{\"@type\":\"ListItem\",\"position\":1,\"name\":\"Trang ch\u1ee7\",\"item\":\"https:\/\/wp.dudragon.store\/\"},{\"@type\":\"ListItem\",\"position\":2,\"name\":\"C\u1eeda h\u00e0ng\",\"item\":\"https:\/\/wp.dudragon.store\/?page_id=6\"},{\"@type\":\"ListItem\",\"position\":3,\"name\":\"Bia Ura\"}]},{\"@type\":\"WebSite\",\"@id\":\"https:\/\/wp.dudragon.store\/#website\",\"url\":\"https:\/\/wp.dudragon.store\/\",\"name\":\"Du Dragon\",\"description\":\"\",\"potentialAction\":[{\"@type\":\"SearchAction\",\"target\":{\"@type\":\"EntryPoint\",\"urlTemplate\":\"https:\/\/wp.dudragon.store\/?s={search_term_string}\"},\"query-input\":{\"@type\":\"PropertyValueSpecification\",\"valueRequired\":true,\"valueName\":\"search_term_string\"}}],\"inLanguage\":\"vi\"}]}<\/script>\n<!-- \/ Yoast SEO plugin. -->","yoast_head_json":{"title":"Bia Ura - Du Dragon","robots":{"index":"index","follow":"follow","max-snippet":"max-snippet:-1","max-image-preview":"max-image-preview:large","max-video-preview":"max-video-preview:-1"},"canonical":"https:\/\/wp.dudragon.store\/?product=bia-ura","og_locale":"vi_VN","og_type":"article","og_title":"Bia Ura - Du Dragon","og_description":"Ch\u1ee7ng lo\u1ea1i s\u1ea3n ph\u1ea9m:\u00a0Bia lon URA Th\u00e0nh ph\u1ea7n:\u00a0N\u01b0\u1edbc, malt \u0111\u1ea1i m\u1ea1ch, ng\u0169 c\u1ed1c,\u00a0hoa bia. Bao b\u00ec: \u0110\u00f3ng trong lon nh\u00f4m, 24 lon\/th\u00f9ng carton H\u01b0\u1edbng d\u1eabn s\u1eed d\u1ee5ng:\u00a0Ngon h\u01a1n khi u\u1ed1ng l\u1ea1nh, t\u1ed1t nh\u1ea5t \u1edf 10 \u2013 15 \u0111\u1ed9 C. H\u01b0\u1edbng d\u1eabn b\u1ea3o qu\u1ea3n: B\u1ea3o qu\u1ea3n n\u01a1i kh\u00f4 r\u00e1o v\u00e0 tho\u00e1ng m\u00e1t. Tr\u00e1nh ti\u1ebfp x\u00fac tr\u1ef1c [&hellip;]","og_url":"https:\/\/wp.dudragon.store\/?product=bia-ura","og_site_name":"Du Dragon","article_modified_time":"2026-01-15T09:21:36+00:00","og_image":[{"width":2048,"height":2048,"url":"https:\/\/wp.dudragon.store\/wp-content\/uploads\/2026\/01\/470602231_122180544020136279_4473306082057070908_n.jpg","type":"image\/jpeg"}],"twitter_card":"summary_large_image","twitter_misc":{"\u01af\u1edbc t\u00ednh th\u1eddi gian \u0111\u1ecdc":"1 ph\u00fat"},"schema":{"@context":"https:\/\/schema.org","@graph":[{"@type":"WebPage","@id":"https:\/\/wp.dudragon.store\/?product=bia-ura","url":"https:\/\/wp.dudragon.store\/?product=bia-ura","name":"Bia Ura - Du Dragon","isPartOf":{"@id":"https:\/\/wp.dudragon.store\/#website"},"primaryImageOfPage":{"@id":"https:\/\/wp.dudragon.store\/?product=bia-ura#primaryimage"},"image":{"@id":"https:\/\/wp.dudragon.store\/?product=bia-ura#primaryimage"},"thumbnailUrl":"https:\/\/wp.dudragon.store\/wp-content\/uploads\/2026\/01\/470602231_122180544020136279_4473306082057070908_n.jpg","datePublished":"2026-01-15T08:33:04+00:00","dateModified":"2026-01-15T09:21:36+00:00","breadcrumb":{"@id":"https:\/\/wp.dudragon.store\/?product=bia-ura#breadcrumb"},"inLanguage":"vi","potentialAction":[{"@type":"ReadAction","target":["https:\/\/wp.dudragon.store\/?product=bia-ura"]}]},{"@type":"ImageObject","inLanguage":"vi","@id":"https:\/\/wp.dudragon.store\/?product=bia-ura#primaryimage","url":"https:\/\/wp.dudragon.store\/wp-content\/uploads\/2026\/01\/470602231_122180544020136279_4473306082057070908_n.jpg","contentUrl":"https:\/\/wp.dudragon.store\/wp-content\/uploads\/2026\/01\/470602231_122180544020136279_4473306082057070908_n.jpg","width":2048,"height":2048},{"@type":"BreadcrumbList","@id":"https:\/\/wp.dudragon.store\/?product=bia-ura#breadcrumb","itemListElement":[{"@type":"ListItem","position":1,"name":"Trang ch\u1ee7","item":"https:\/\/wp.dudragon.store\/"},{"@type":"ListItem","position":2,"name":"C\u1eeda h\u00e0ng","item":"https:\/\/wp.dudragon.store\/?page_id=6"},{"@type":"ListItem","position":3,"name":"Bia Ura"}]},{"@type":"WebSite","@id":"https:\/\/wp.dudragon.store\/#website","url":"https:\/\/wp.dudragon.store\/","name":"Du Dragon","description":"","potentialAction":[{"@type":"SearchAction","target":{"@type":"EntryPoint","urlTemplate":"https:\/\/wp.dudragon.store\/?s={search_term_string}"},"query-input":{"@type":"PropertyValueSpecification","valueRequired":true,"valueName":"search_term_string"}}],"inLanguage":"vi"}]}},"_links":{"self":[{"href":"https:\/\/wp.dudragon.store\/index.php?rest_route=\/wp\/v2\/product\/61","targetHints":{"allow":["GET"]}}],"collection":[{"href":"https:\/\/wp.dudragon.store\/index.php?rest_route=\/wp\/v2\/product"}],"about":[{"href":"https:\/\/wp.dudragon.store\/index.php?rest_route=\/wp\/v2\/types\/product"}],"replies":[{"embeddable":true,"href":"https:\/\/wp.dudragon.store\/index.php?rest_route=%2Fwp%2Fv2%2Fcomments&post=61"}],"wp:featuredmedia":[{"embeddable":true,"href":"https:\/\/wp.dudragon.store\/index.php?rest_route=\/wp\/v2\/media\/62"}],"wp:attachment":[{"href":"https:\/\/wp.dudragon.store\/index.php?rest_route=%2Fwp%2Fv2%2Fmedia&parent=61"}],"wp:term":[{"taxonomy":"product_brand","embeddable":true,"href":"https:\/\/wp.dudragon.store\/index.php?rest_route=%2Fwp%2Fv2%2Fproduct_brand&post=61"},{"taxonomy":"product_cat","embeddable":true,"href":"https:\/\/wp.dudragon.store\/index.php?rest_route=%2Fwp%2Fv2%2Fproduct_cat&post=61"},{"taxonomy":"product_tag","embeddable":true,"href":"https:\/\/wp.dudragon.store\/index.php?rest_route=%2Fwp%2Fv2%2Fproduct_tag&post=61"}],"curies":[{"name":"wp","href":"https:\/\/api.w.org\/{rel}","templated":true}]}}